{"id":85,"date":"2024-03-10T11:36:26","date_gmt":"2024-03-10T10:36:26","guid":{"rendered":"https:\/\/altonautb.wordpress.com\/?page_id=27"},"modified":"2025-03-02T23:48:13","modified_gmt":"2025-03-02T23:48:13","slug":"var-mission","status":"publish","type":"page","link":"https:\/\/altona.nu\/en\/var-mission\/","title":{"rendered":"Our mission"},"content":{"rendered":"<div data-elementor-type=\"wp-page\" data-elementor-id=\"85\" class=\"elementor elementor-85\">\n\t\t\t\t<div class=\"elementor-element elementor-element-6d87ffae e-flex e-con-boxed e-con e-parent\" data-id=\"6d87ffae\" data-element_type=\"container\" data-e-type=\"container\">\n\t\t\t\t\t<div class=\"e-con-inner\">\n\t\t\t\t<div class=\"elementor-element elementor-element-7d876c98 elementor-widget elementor-widget-text-editor\" data-id=\"7d876c98\" data-element_type=\"widget\" data-e-type=\"widget\" data-widget_type=\"text-editor.default\">\n\t\t\t\t<div class=\"elementor-widget-container\">\n\t\t\t\t\t\t\t\t\t\n<div class=\"wp-block-group alignfull has-base-2-background-color has-background is-layout-constrained wp-container-core-group-is-layout-669513ed wp-block-group-is-layout-constrained\" style=\"margin-top: 0; margin-bottom: 0; padding: var(--wp--preset--spacing--50);\">\n<div class=\"wp-block-group is-vertical is-content-justification-center is-layout-flex wp-container-core-group-is-layout-52b864f0 wp-block-group-is-layout-flex\">\n<h2 class=\"wp-block-heading has-text-align-center is-style-asterisk\">Inspiration<\/h2>\n\n<div class=\"wp-block-spacer wp-container-content-4f2ccadb\" style=\"height: 0px;\" aria-hidden=\"true\">\u00a0<\/div>\n\n<p class=\"has-text-align-center\">Altona is a place to inspire women of all ages wherever they\u2019re at in their journey in life.<\/p>\n<\/div>\n\n<div class=\"wp-block-spacer\" style=\"margin-top: 0; margin-bottom: 0; height: var(--wp--preset--spacing--40);\" aria-hidden=\"true\">\u00a0<\/div>\n\n<div class=\"wp-block-columns alignwide is-layout-flex wp-container-core-columns-is-layout-d0bbbce0 wp-block-columns-is-layout-flex\">\n<div class=\"wp-block-column is-layout-flow wp-container-core-column-is-layout-e3d1c41b wp-block-column-is-layout-flow\">\n<h3 class=\"wp-block-heading has-text-align-center is-style-asterisk has-body-font-family has-medium-font-size\" style=\"font-style: normal; font-weight: 600; line-height: 1.5;\">Personal and spiritual growth<\/h3>\n\n<p class=\"has-text-align-center\">Altona welcomes everyone seeking personal growth and spiritual development in community with other women in the \u00d6resund region.<\/p>\n<\/div>\n\n<div class=\"wp-block-column is-layout-flow wp-container-core-column-is-layout-e3d1c41b wp-block-column-is-layout-flow\">\n<h3 class=\"wp-block-heading has-text-align-center is-style-asterisk has-body-font-family has-medium-font-size\" style=\"font-style: normal; font-weight: 600; line-height: 1.5;\">The message<\/h3>\n\n<p class=\"has-text-align-center\">We are guided by the message of St. Josemaria that ordinary events are opportunities to draw us closer to God.<\/p>\n<\/div>\n\n<div class=\"wp-block-column is-layout-flow wp-container-core-column-is-layout-e3d1c41b wp-block-column-is-layout-flow\">\n<h3 class=\"wp-block-heading has-text-align-center is-style-asterisk has-body-font-family has-medium-font-size\" style=\"font-style: normal; font-weight: 600; line-height: 1.5;\">Meaningful and purposeful life<\/h3>\n\n<p class=\"has-text-align-center\">Through activities like discussion groups, retreats and workshops we aim to support women to live with a sense of purpose, and to find and spread happiness in their family life, relationships and work environments.<\/p>\n<\/div>\n<\/div>\n<\/div>\n\n<div class=\"wp-block-group alignfull is-layout-constrained wp-container-core-group-is-layout-490fa1db wp-block-group-is-layout-constrained\" style=\"padding: var(--wp--preset--spacing--50);\">\n<div class=\"wp-block-spacer\" style=\"height: var(--wp--preset--spacing--30);\" aria-hidden=\"true\">\u00a0<\/div>\n\n<figure class=\"wp-block-image is-style-rounded\"><img decoding=\"async\" class=\"wp-image-90\" src=\"https:\/\/altona.nu\/wp-content\/uploads\/2024\/04\/img_1471-1.jpg?w=1024\" alt=\"\" \/><\/figure>\n<\/div>\n\n<figure class=\"wp-block-pullquote alignfull\">\n<blockquote>\n<p><em>\u201c<\/em>Do everything for love. That way there are no little things. Everything is big.<em><em>\u201d<\/em><\/em><\/p>\n<cite><em><em>Saint Josemar\u00eda Escri<\/em>v\u00e1<\/em><\/cite><\/blockquote>\n<\/figure>\n\n<p>\u00a0<\/p>\n\t\t\t\t\t\t\t\t<\/div>\n\t\t\t\t<\/div>\n\t\t\t\t\t<\/div>\n\t\t\t\t<\/div>\n\t\t\t\t<\/div>","protected":false},"excerpt":{"rendered":"<p>Inspiration Altona \u00e4r en plats som finns till f\u00f6r att inspirera kvinnor i alla \u00e5ldrar, var de \u00e4n befinner sig [&hellip;]<\/p>\n","protected":false},"author":1,"featured_media":0,"parent":0,"menu_order":0,"comment_status":"closed","ping_status":"closed","template":"","meta":{"site-sidebar-layout":"default","site-content-layout":"","ast-site-content-layout":"default","site-content-style":"default","site-sidebar-style":"default","ast-global-header-display":"","ast-banner-title-visibility":"","ast-main-header-display":"","ast-hfb-above-header-display":"","ast-hfb-below-header-display":"","ast-hfb-mobile-header-display":"","site-post-title":"","ast-breadcrumbs-content":"","ast-featured-img":"","footer-sml-layout":"","ast-disable-related-posts":"","theme-transparent-header-meta":"","adv-header-id-meta":"","stick-header-meta":"","header-above-stick-meta":"","header-main-stick-meta":"","header-below-stick-meta":"","astra-migrate-meta-layouts":"default","ast-page-background-enabled":"default","ast-page-background-meta":{"desktop":{"background-color":"var(--ast-global-color-5)","background-image":"","background-repeat":"repeat","background-position":"center center","background-size":"auto","background-attachment":"scroll","background-type":"","background-media":"","overlay-type":"","overlay-color":"","overlay-opacity":"","overlay-gradient":""},"tablet":{"background-color":"","background-image":"","background-repeat":"repeat","background-position":"center center","background-size":"auto","background-attachment":"scroll","background-type":"","background-media":"","overlay-type":"","overlay-color":"","overlay-opacity":"","overlay-gradient":""},"mobile":{"background-color":"","background-image":"","background-repeat":"repeat","background-position":"center center","background-size":"auto","background-attachment":"scroll","background-type":"","background-media":"","overlay-type":"","overlay-color":"","overlay-opacity":"","overlay-gradient":""}},"ast-content-background-meta":{"desktop":{"background-color":"var(--ast-global-color-4)","background-image":"","background-repeat":"repeat","background-position":"center center","background-size":"auto","background-attachment":"scroll","background-type":"","background-media":"","overlay-type":"","overlay-color":"","overlay-opacity":"","overlay-gradient":""},"tablet":{"background-color":"var(--ast-global-color-4)","background-image":"","background-repeat":"repeat","background-position":"center center","background-size":"auto","background-attachment":"scroll","background-type":"","background-media":"","overlay-type":"","overlay-color":"","overlay-opacity":"","overlay-gradient":""},"mobile":{"background-color":"var(--ast-global-color-4)","background-image":"","background-repeat":"repeat","background-position":"center center","background-size":"auto","background-attachment":"scroll","background-type":"","background-media":"","overlay-type":"","overlay-color":"","overlay-opacity":"","overlay-gradient":""}},"footnotes":""},"class_list":["post-85","page","type-page","status-publish","hentry"],"_links":{"self":[{"href":"https:\/\/altona.nu\/en\/wp-json\/wp\/v2\/pages\/85","targetHints":{"allow":["GET"]}}],"collection":[{"href":"https:\/\/altona.nu\/en\/wp-json\/wp\/v2\/pages"}],"about":[{"href":"https:\/\/altona.nu\/en\/wp-json\/wp\/v2\/types\/page"}],"author":[{"embeddable":true,"href":"https:\/\/altona.nu\/en\/wp-json\/wp\/v2\/users\/1"}],"replies":[{"embeddable":true,"href":"https:\/\/altona.nu\/en\/wp-json\/wp\/v2\/comments?post=85"}],"version-history":[{"count":5,"href":"https:\/\/altona.nu\/en\/wp-json\/wp\/v2\/pages\/85\/revisions"}],"predecessor-version":[{"id":531,"href":"https:\/\/altona.nu\/en\/wp-json\/wp\/v2\/pages\/85\/revisions\/531"}],"wp:attachment":[{"href":"https:\/\/altona.nu\/en\/wp-json\/wp\/v2\/media?parent=85"}],"curies":[{"name":"wp","href":"https:\/\/api.w.org\/{rel}","templated":true}]}}